{"id":255,"date":"2021-12-29T14:24:02","date_gmt":"2021-12-29T14:24:02","guid":{"rendered":"https:\/\/invez-vezenje.si\/kontakt\/"},"modified":"2022-01-21T09:59:32","modified_gmt":"2022-01-21T09:59:32","slug":"kontakt","status":"publish","type":"page","link":"https:\/\/invez-vezenje.si\/de\/kontakt\/","title":{"rendered":"Kontakt"},"content":{"rendered":"<p>[et_pb_section fb_built=&#8221;1&#8243; admin_label=&#8221;Header&#8221; _builder_version=&#8221;4.9.0&#8243; background_color=&#8221;#E2E5EC&#8221; background_image=&#8221;http:\/\/vezenjeinvez.local\/wp-content\/uploads\/2021\/02\/dog-walker-10-3.png&#8221; parallax=&#8221;on&#8221; overflow-x=&#8221;hidden&#8221; overflow-y=&#8221;hidden&#8221; custom_padding=&#8221;||120px|||&#8221; background_last_edited=&#8221;off|desktop&#8221; parallax_tablet=&#8221;off&#8221; global_colors_info=&#8221;{}&#8221;][et_pb_row column_structure=&#8221;1_2,1_2&#8243; _builder_version=&#8221;3.26&#8243; custom_margin_tablet=&#8221;||-10vw||false|false&#8221; custom_margin_phone=&#8221;&#8221; custom_margin_last_edited=&#8221;on|desktop&#8221; global_colors_info=&#8221;{}&#8221;][et_pb_column type=&#8221;1_2&#8243; _builder_version=&#8221;3.25.4&#8243; custom_padding=&#8221;5vw||&#8221; global_colors_info=&#8221;{}&#8221;][et_pb_text _builder_version=&#8221;4.14.4&#8243; text_font=&#8221;||||||||&#8221; text_font_size=&#8221;24px&#8221; text_line_height=&#8221;1.8em&#8221; header_font=&#8221;Roboto Slab||||||||&#8221; header_font_size=&#8221;100px&#8221; header_line_height=&#8221;1.2em&#8221; text_font_size_tablet=&#8221;&#8221; text_font_size_phone=&#8221;22px&#8221; text_font_size_last_edited=&#8221;on|desktop&#8221; header_font_size_tablet=&#8221;80px&#8221; header_font_size_phone=&#8221;60px&#8221; header_font_size_last_edited=&#8221;on|phone&#8221; background_color_tablet=&#8221;#efebdc&#8221; background_last_edited=&#8221;on|tablet&#8221; background_enable_color_tablet=&#8221;on&#8221; global_colors_info=&#8221;{}&#8221;]<\/p>\n<h1><span style=\"color: #7e5e8c;\">Kontakt<\/span><\/h1>\n<p>Schreiben sie uns, wir antworten so schnell wie m\u00f6glich.<\/p>\n<p>[\/et_pb_text][\/et_pb_column][et_pb_column type=&#8221;1_2&#8243; _builder_version=&#8221;3.25.4&#8243; global_colors_info=&#8221;{}&#8221;][dsm_contact_form_7 cf7_library=&#8221;109&#8243; button_alignment=&#8221;right&#8221; _builder_version=&#8221;4.9.0&#8243; _module_preset=&#8221;default&#8221; custom_button_one=&#8221;on&#8221; button_one_text_color=&#8221;#582559&#8243; hover_enabled=&#8221;0&#8243; border_radii_image=&#8221;on|10px|10px|10px|10px&#8221; global_colors_info=&#8221;{}&#8221; sticky_enabled=&#8221;0&#8243;][\/dsm_contact_form_7][\/et_pb_column][\/et_pb_row][et_pb_row _builder_version=&#8221;3.26.1&#8243; background_color=&#8221;#ffffff&#8221; custom_margin=&#8221;30px|auto||auto||&#8221; custom_padding=&#8221;||0px||false|false&#8221; border_radii=&#8221;on|10px|10px|10px|10px&#8221; box_shadow_style=&#8221;preset3&#8243; box_shadow_vertical=&#8221;76px&#8221; box_shadow_blur=&#8221;68px&#8221; box_shadow_spread=&#8221;-28px&#8221; box_shadow_color=&#8221;rgba(0,0,0,0.32)&#8221; global_colors_info=&#8221;{}&#8221;][et_pb_column type=&#8221;4_4&#8243; _builder_version=&#8221;3.26&#8243; global_colors_info=&#8221;{}&#8221;][et_pb_text _builder_version=&#8221;4.9.0&#8243; text_font=&#8221;||||||||&#8221; text_font_size=&#8221;16px&#8221; text_line_height=&#8221;1.8em&#8221; header_font=&#8221;||||||||&#8221; header_2_font=&#8221;Amatic SC|700|||||||&#8221; header_2_font_size=&#8221;80px&#8221; header_2_line_height=&#8221;1.2em&#8221; text_orientation=&#8221;center&#8221; width=&#8221;90%&#8221; max_width=&#8221;700px&#8221; module_alignment=&#8221;center&#8221; header_2_font_size_tablet=&#8221;60px&#8221; header_2_font_size_phone=&#8221;32px&#8221; header_2_font_size_last_edited=&#8221;on|phone&#8221; locked=&#8221;off&#8221; global_colors_info=&#8221;{}&#8221;]<\/p>\n<h3>Wie erstelle ich eine Datei f\u00fcr Stickerei?<\/h3>\n<p>Ihr Design k\u00f6nnen sie mit verschiedenen Programmen f\u00fcr Entwurf kreieren. Am Ende exportieren sie diese Datei als <strong>PDF oder PS<\/strong> (PostScript) Format. Wenn Sie eine spezifische Farbe wollen, definieren sie Ihre Entscheidung mithilfe von <strong>Pantone<\/strong>Farbpalette. Die mindeste Aufl\u00f6sung des Fotos ist wenigstens 600 dpi.<\/p>\n<p>[\/et_pb_text][et_pb_image src=&#8221;https:\/\/invez-vezenje.si\/wp-content\/uploads\/2021\/02\/JRA-1-300&#215;300.jpg&#8221; alt=&#8221;Kontakt&#8221; title_text=&#8221;JRA-(1)&#8221; align=&#8221;center&#8221; _builder_version=&#8221;4.9.1&#8243; _module_preset=&#8221;default&#8221; custom_margin=&#8221;50px||100px||false|false&#8221; border_radii=&#8221;on|300px|300px|300px|300px&#8221; border_width_all=&#8221;35px&#8221; border_color_all=&#8221;#E2E5EC&#8221; box_shadow_style=&#8221;preset1&#8243; box_shadow_color=&#8221;#563B59&#8243; global_colors_info=&#8221;{}&#8221;][\/et_pb_image][\/et_pb_column][\/et_pb_row][\/et_pb_section]<\/p>\n","protected":false},"excerpt":{"rendered":"<p>Kontakt Schreiben sie uns, wir antworten so schnell wie m\u00f6glich.<div class=\"et_pb_module dsm_contact_form_7 dsm_contact_form_7_0\">\n\t\t\t\t\n\t\t\t\t\n\t\t\t\t\n\t\t\t\t\n\t\t\t\t\n\t\t\t\t\n\t\t\t\t<div class=\"et_pb_module_inner\">\n\t\t\t\t\t<div class=\"\">\n\t\t\t\t\n<div class=\"wpcf7 no-js\" id=\"wpcf7-f268-o1\" lang=\"de-DE\" dir=\"ltr\" data-wpcf7-id=\"268\">\n<div class=\"screen-reader-response\"><p role=\"status\" aria-live=\"polite\" aria-atomic=\"true\"><\/p> <ul><\/ul><\/div>\n<form action=\"\/de\/wp-json\/wp\/v2\/pages\/255#wpcf7-f268-o1\" method=\"post\" class=\"wpcf7-form init\" aria-label=\"Contact form\" enctype=\"multipart\/form-data\" novalidate=\"novalidate\" data-status=\"init\">\n<fieldset class=\"hidden-fields-container\"><input type=\"hidden\" name=\"_wpcf7\" value=\"268\" \/><input type=\"hidden\" name=\"_wpcf7_version\" value=\"6.1.5\" \/><input type=\"hidden\" name=\"_wpcf7_locale\" value=\"de_DE\" \/><input type=\"hidden\" name=\"_wpcf7_unit_tag\" value=\"wpcf7-f268-o1\" \/><input type=\"hidden\" name=\"_wpcf7_container_post\" value=\"0\" \/><input type=\"hidden\" name=\"_wpcf7_posted_data_hash\" value=\"\" \/><input type=\"hidden\" name=\"_wpcf7_recaptcha_response\" value=\"\" \/>\n<\/fieldset>\n<p><label> Name<br \/>\n<span class=\"wpcf7-form-control-wrap\" data-name=\"your-name\"><input size=\"40\" maxlength=\"400\" class=\"wpcf7-form-control wpcf7-text wpcf7-validates-as-required\" aria-required=\"true\" aria-invalid=\"false\" value=\"\" type=\"text\" name=\"your-name\" \/><\/span> <\/label>\n<\/p>\n<p><label> Email<br \/>\n<span class=\"wpcf7-form-control-wrap\" data-name=\"your-email\"><input size=\"40\" maxlength=\"400\" class=\"wpcf7-form-control wpcf7-email wpcf7-validates-as-required wpcf7-text wpcf7-validates-as-email\" aria-required=\"true\" aria-invalid=\"false\" value=\"\" type=\"email\" name=\"your-email\" \/><\/span> <\/label>\n<\/p>\n<p><label> Gegenstand<br \/>\n<span class=\"wpcf7-form-control-wrap\" data-name=\"your-subject\"><input size=\"40\" maxlength=\"400\" class=\"wpcf7-form-control wpcf7-text wpcf7-validates-as-required\" aria-required=\"true\" aria-invalid=\"false\" value=\"\" type=\"text\" name=\"your-subject\" \/><\/span> <\/label>\n<\/p>\n<p><label> Nachricht<br \/>\n<span class=\"wpcf7-form-control-wrap\" data-name=\"your-message\"><textarea cols=\"40\" rows=\"10\" maxlength=\"2000\" class=\"wpcf7-form-control wpcf7-textarea\" aria-invalid=\"false\" name=\"your-message\"><\/textarea><\/span> <\/label>\n<\/p>\n<p><span class=\"wpcf7-form-control-wrap\" data-name=\"file-958\"><input size=\"40\" class=\"wpcf7-form-control wpcf7-file\" accept=\".jpg,.png,.pdf\" aria-invalid=\"false\" type=\"file\" name=\"file-958\" \/><\/span>\n<\/p>\n<p><button class=\"wpcf7-form-control wpcf7-submit has-spinner et_pb_button et_pb_bg_layout_light\" type=\"submit\" value=\"Senden\">Senden<\/button>\n<\/p><div class=\"wpcf7-response-output\" aria-hidden=\"true\"><\/div>\n<\/form>\n<\/div>\n\n\t\t\t<\/div>\n\t\t\t\t<\/div>\n\t\t\t<\/div>Wie erstelle ich eine Datei f\u00fcr Stickerei? Ihr Design k\u00f6nnen sie mit verschiedenen Programmen f\u00fcr Entwurf kreieren. Am Ende exportieren sie diese Datei als PDF oder PS (PostScript) Format. Wenn Sie eine spezifische Farbe wollen, definieren [&hellip;]<\/p>\n","protected":false},"author":1,"featured_media":0,"parent":0,"menu_order":0,"comment_status":"closed","ping_status":"closed","template":"","meta":{"_et_pb_use_builder":"on","_et_pb_old_content":"","_et_gb_content_width":"","footnotes":""},"class_list":["post-255","page","type-page","status-publish","hentry"],"yoast_head":"<!-- This site is optimized with the Yoast SEO plugin v27.4 - https:\/\/yoast.com\/product\/yoast-seo-wordpress\/ -->\n<title>Kontakt - Online-Formular und Kontaktdaten - Vezenje Invez<\/title>\n<meta name=\"description\" content=\"Senden Sie uns eine Nachricht, rufen Sie an. Wir beraten Sie gerne, um gemeinsam das beste Produkt herzustellen.\" \/>\n<meta name=\"robots\" content=\"index, follow, max-snippet:-1, max-image-preview:large, max-video-preview:-1\" \/>\n<link rel=\"canonical\" href=\"https:\/\/invez-vezenje.si\/de\/kontakt\/\" \/>\n<meta property=\"og:locale\" content=\"de_DE\" \/>\n<meta property=\"og:type\" content=\"article\" \/>\n<meta property=\"og:title\" content=\"Kontakt - Online-Formular und Kontaktdaten - Vezenje Invez\" \/>\n<meta property=\"og:description\" content=\"Senden Sie uns eine Nachricht, rufen Sie an. Wir beraten Sie gerne, um gemeinsam das beste Produkt herzustellen.\" \/>\n<meta property=\"og:url\" content=\"https:\/\/invez-vezenje.si\/de\/kontakt\/\" \/>\n<meta property=\"og:site_name\" content=\"Vezenje Invez\" \/>\n<meta property=\"article:modified_time\" content=\"2022-01-21T09:59:32+00:00\" \/>\n<meta name=\"twitter:card\" content=\"summary_large_image\" \/>\n<meta name=\"twitter:label1\" content=\"Est. reading time\" \/>\n\t<meta name=\"twitter:data1\" content=\"2 minutes\" \/>\n<script type=\"application\/ld+json\" class=\"yoast-schema-graph\">{\"@context\":\"https:\\\/\\\/schema.org\",\"@graph\":[{\"@type\":\"WebPage\",\"@id\":\"https:\\\/\\\/invez-vezenje.si\\\/de\\\/kontakt\\\/\",\"url\":\"https:\\\/\\\/invez-vezenje.si\\\/de\\\/kontakt\\\/\",\"name\":\"Kontakt - Online-Formular und Kontaktdaten - Vezenje Invez\",\"isPartOf\":{\"@id\":\"https:\\\/\\\/invez-vezenje.si\\\/#website\"},\"datePublished\":\"2021-12-29T14:24:02+00:00\",\"dateModified\":\"2022-01-21T09:59:32+00:00\",\"description\":\"Senden Sie uns eine Nachricht, rufen Sie an. Wir beraten Sie gerne, um gemeinsam das beste Produkt herzustellen.\",\"breadcrumb\":{\"@id\":\"https:\\\/\\\/invez-vezenje.si\\\/de\\\/kontakt\\\/#breadcrumb\"},\"inLanguage\":\"de-DE\",\"potentialAction\":[{\"@type\":\"ReadAction\",\"target\":[\"https:\\\/\\\/invez-vezenje.si\\\/de\\\/kontakt\\\/\"]}]},{\"@type\":\"BreadcrumbList\",\"@id\":\"https:\\\/\\\/invez-vezenje.si\\\/de\\\/kontakt\\\/#breadcrumb\",\"itemListElement\":[{\"@type\":\"ListItem\",\"position\":1,\"name\":\"Home\",\"item\":\"https:\\\/\\\/invez-vezenje.si\\\/de\\\/?page_id=246\"},{\"@type\":\"ListItem\",\"position\":2,\"name\":\"Kontakt\"}]},{\"@type\":\"WebSite\",\"@id\":\"https:\\\/\\\/invez-vezenje.si\\\/#website\",\"url\":\"https:\\\/\\\/invez-vezenje.si\\\/\",\"name\":\"Vezenje Invez\",\"description\":\"Vezenje na promocijska in delovna obla\u010dila\",\"potentialAction\":[{\"@type\":\"SearchAction\",\"target\":{\"@type\":\"EntryPoint\",\"urlTemplate\":\"https:\\\/\\\/invez-vezenje.si\\\/?s={search_term_string}\"},\"query-input\":{\"@type\":\"PropertyValueSpecification\",\"valueRequired\":true,\"valueName\":\"search_term_string\"}}],\"inLanguage\":\"de-DE\"}]}<\/script>\n<!-- \/ Yoast SEO plugin. -->","yoast_head_json":{"title":"Kontakt - Online-Formular und Kontaktdaten - Vezenje Invez","description":"Senden Sie uns eine Nachricht, rufen Sie an. Wir beraten Sie gerne, um gemeinsam das beste Produkt herzustellen.","robots":{"index":"index","follow":"follow","max-snippet":"max-snippet:-1","max-image-preview":"max-image-preview:large","max-video-preview":"max-video-preview:-1"},"canonical":"https:\/\/invez-vezenje.si\/de\/kontakt\/","og_locale":"de_DE","og_type":"article","og_title":"Kontakt - Online-Formular und Kontaktdaten - Vezenje Invez","og_description":"Senden Sie uns eine Nachricht, rufen Sie an. Wir beraten Sie gerne, um gemeinsam das beste Produkt herzustellen.","og_url":"https:\/\/invez-vezenje.si\/de\/kontakt\/","og_site_name":"Vezenje Invez","article_modified_time":"2022-01-21T09:59:32+00:00","twitter_card":"summary_large_image","twitter_misc":{"Est. reading time":"2 minutes"},"schema":{"@context":"https:\/\/schema.org","@graph":[{"@type":"WebPage","@id":"https:\/\/invez-vezenje.si\/de\/kontakt\/","url":"https:\/\/invez-vezenje.si\/de\/kontakt\/","name":"Kontakt - Online-Formular und Kontaktdaten - Vezenje Invez","isPartOf":{"@id":"https:\/\/invez-vezenje.si\/#website"},"datePublished":"2021-12-29T14:24:02+00:00","dateModified":"2022-01-21T09:59:32+00:00","description":"Senden Sie uns eine Nachricht, rufen Sie an. Wir beraten Sie gerne, um gemeinsam das beste Produkt herzustellen.","breadcrumb":{"@id":"https:\/\/invez-vezenje.si\/de\/kontakt\/#breadcrumb"},"inLanguage":"de-DE","potentialAction":[{"@type":"ReadAction","target":["https:\/\/invez-vezenje.si\/de\/kontakt\/"]}]},{"@type":"BreadcrumbList","@id":"https:\/\/invez-vezenje.si\/de\/kontakt\/#breadcrumb","itemListElement":[{"@type":"ListItem","position":1,"name":"Home","item":"https:\/\/invez-vezenje.si\/de\/?page_id=246"},{"@type":"ListItem","position":2,"name":"Kontakt"}]},{"@type":"WebSite","@id":"https:\/\/invez-vezenje.si\/#website","url":"https:\/\/invez-vezenje.si\/","name":"Vezenje Invez","description":"Vezenje na promocijska in delovna obla\u010dila","potentialAction":[{"@type":"SearchAction","target":{"@type":"EntryPoint","urlTemplate":"https:\/\/invez-vezenje.si\/?s={search_term_string}"},"query-input":{"@type":"PropertyValueSpecification","valueRequired":true,"valueName":"search_term_string"}}],"inLanguage":"de-DE"}]}},"_links":{"self":[{"href":"https:\/\/invez-vezenje.si\/de\/wp-json\/wp\/v2\/pages\/255","targetHints":{"allow":["GET"]}}],"collection":[{"href":"https:\/\/invez-vezenje.si\/de\/wp-json\/wp\/v2\/pages"}],"about":[{"href":"https:\/\/invez-vezenje.si\/de\/wp-json\/wp\/v2\/types\/page"}],"author":[{"embeddable":true,"href":"https:\/\/invez-vezenje.si\/de\/wp-json\/wp\/v2\/users\/1"}],"replies":[{"embeddable":true,"href":"https:\/\/invez-vezenje.si\/de\/wp-json\/wp\/v2\/comments?post=255"}],"version-history":[{"count":3,"href":"https:\/\/invez-vezenje.si\/de\/wp-json\/wp\/v2\/pages\/255\/revisions"}],"predecessor-version":[{"id":266,"href":"https:\/\/invez-vezenje.si\/de\/wp-json\/wp\/v2\/pages\/255\/revisions\/266"}],"wp:attachment":[{"href":"https:\/\/invez-vezenje.si\/de\/wp-json\/wp\/v2\/media?parent=255"}],"curies":[{"name":"wp","href":"https:\/\/api.w.org\/{rel}","templated":true}]}}