{"id":253,"date":"2021-12-29T14:20:18","date_gmt":"2021-12-29T14:20:18","guid":{"rendered":"https:\/\/invez-vezenje.si\/bestickte-aufnaher\/"},"modified":"2025-04-16T17:24:51","modified_gmt":"2025-04-16T17:24:51","slug":"bestickte-aufnaher","status":"publish","type":"page","link":"https:\/\/invez-vezenje.si\/de\/bestickte-aufnaher\/","title":{"rendered":"Bestickte Aufn\u00e4her"},"content":{"rendered":"<p>[et_pb_section fb_built=&#8221;1&#8243; custom_padding_last_edited=&#8221;on|phone&#8221; admin_label=&#8221;Header&#8221; _builder_version=&#8221;4.16&#8243; background_color=&#8221;#E2E5EC&#8221; background_image=&#8221;https:\/\/invez-vezenje.si\/wp-content\/uploads\/2021\/03\/dog-walker-39.png&#8221; background_size=&#8221;contain&#8221; background_position=&#8221;bottom_center&#8221; overflow-x=&#8221;hidden&#8221; overflow-y=&#8221;hidden&#8221; custom_padding=&#8221;||5vw||false|false&#8221; custom_padding_tablet=&#8221;&#8221; custom_padding_phone=&#8221;||80px||false|false&#8221; global_colors_info=&#8221;{}&#8221;][et_pb_row column_structure=&#8221;1_2,1_2&#8243; _builder_version=&#8221;4.16&#8243; global_colors_info=&#8221;{}&#8221;][et_pb_column type=&#8221;1_2&#8243; _builder_version=&#8221;4.16&#8243; global_colors_info=&#8221;{}&#8221;][et_pb_text _builder_version=&#8221;4.16&#8243; text_font=&#8221;||||||||&#8221; text_font_size=&#8221;24px&#8221; text_line_height=&#8221;1.8em&#8221; header_font=&#8221;|700|||||||&#8221; header_text_color=&#8221;#563B59&#8243; header_font_size=&#8221;100px&#8221; header_line_height=&#8221;1.2em&#8221; text_font_size_tablet=&#8221;&#8221; text_font_size_phone=&#8221;22px&#8221; text_font_size_last_edited=&#8221;on|desktop&#8221; header_font_size_tablet=&#8221;80px&#8221; header_font_size_phone=&#8221;60px&#8221; header_font_size_last_edited=&#8221;on|phone&#8221; global_colors_info=&#8221;{}&#8221;]<\/p>\n<h1>Bestickte Aufn\u00e4her<\/h1>\n<p>Auftrag Gefertigte bestickte Aufn\u00e4her bieten ein sch\u00f6nes Aussehen und ein Gef\u00fchl der Erkennbarkeit.<\/p>\n<p>[\/et_pb_text][\/et_pb_column][et_pb_column type=&#8221;1_2&#8243; _builder_version=&#8221;4.16&#8243; global_colors_info=&#8221;{}&#8221;][et_pb_image src=&#8221;https:\/\/invez-vezenje.si\/wp-content\/uploads\/2025\/04\/ssg.webp&#8221; title_text=&#8221;ssg&#8221; align=&#8221;right&#8221; align_tablet=&#8221;&#8221; align_phone=&#8221;left&#8221; align_last_edited=&#8221;on|desktop&#8221; _builder_version=&#8221;4.27.4&#8243; transform_scale_tablet=&#8221;&#8221; transform_scale_phone=&#8221;100%|100%&#8221; transform_scale_last_edited=&#8221;on|phone&#8221; transform_translate=&#8221;0px|53px&#8221; transform_translate_tablet=&#8221;&#8221; transform_translate_phone=&#8221;&#8221; transform_translate_last_edited=&#8221;on|desktop&#8221; transform_translate_linked_tablet=&#8221;off&#8221; transform_rotate=&#8221;0deg|0deg|-15deg&#8221; transform_rotate_tablet=&#8221;&#8221; transform_rotate_phone=&#8221;0deg|0deg|0deg&#8221; transform_rotate_last_edited=&#8221;on|desktop&#8221; transform_skew_tablet=&#8221;&#8221; transform_skew_phone=&#8221;&#8221; transform_skew_last_edited=&#8221;on|desktop&#8221; transform_origin=&#8221;-30%|35%&#8221; transform_origin_tablet=&#8221;&#8221; transform_origin_phone=&#8221;&#8221; transform_origin_last_edited=&#8221;on|desktop&#8221; transform_styles_last_edited=&#8221;on|phone&#8221; max_width_tablet=&#8221;70%&#8221; max_width_phone=&#8221;100%&#8221; max_width_last_edited=&#8221;on|phone&#8221; custom_margin=&#8221;-6vw|-10vw|||false|false&#8221; custom_margin_tablet=&#8221;||||false|false&#8221; custom_margin_phone=&#8221;&#8221; custom_margin_last_edited=&#8221;on|desktop&#8221; animation_style=&#8221;slide&#8221; animation_direction=&#8221;right&#8221; animation_intensity_slide=&#8221;5%&#8221; transform_styles_tablet=&#8221;&#8221; transform_styles_phone=&#8221;&#8221; border_radii=&#8221;on|12vw|12vw|12vw|12vw&#8221; border_width_all=&#8221;6vw&#8221; border_color_all=&#8221;#989CA6&#8243; box_shadow_style=&#8221;preset3&#8243; box_shadow_blur=&#8221;10vw&#8221; global_colors_info=&#8221;{}&#8221;][\/et_pb_image][\/et_pb_column][\/et_pb_row][\/et_pb_section][et_pb_section fb_built=&#8221;1&#8243; admin_label=&#8221;About&#8221; _builder_version=&#8221;4.16&#8243; background_color=&#8221;#E2E5EC&#8221; custom_padding=&#8221;||||false|false&#8221; bottom_divider_style=&#8221;waves&#8221; bottom_divider_color=&#8221;#563B59&#8243; bottom_divider_height=&#8221;7vw&#8221; global_colors_info=&#8221;{}&#8221;][et_pb_row column_structure=&#8221;1_2,1_2&#8243; make_equal=&#8221;on&#8221; _builder_version=&#8221;4.16&#8243; background_enable_image=&#8221;off&#8221; global_colors_info=&#8221;{}&#8221;][et_pb_column type=&#8221;1_2&#8243; _builder_version=&#8221;4.16&#8243; background_enable_image=&#8221;off&#8221; background_size=&#8221;contain&#8221; background_position=&#8221;bottom_center&#8221; global_colors_info=&#8221;{}&#8221;][et_pb_text _builder_version=&#8221;4.16&#8243; header_2_font=&#8221;Amatic SC|700|||||||&#8221; header_2_font_size=&#8221;80px&#8221; header_2_line_height=&#8221;1.2em&#8221; header_2_font_size_tablet=&#8221;60px&#8221; header_2_font_size_phone=&#8221;32px&#8221; header_2_font_size_last_edited=&#8221;on|phone&#8221; global_colors_info=&#8221;{}&#8221;]<\/p>\n<h3>Sie werden ihre Beliebtheit verstehen, sobald sie das Aussehen, dauerhafte Konstruktion und Textur der Aufn\u00e4her selbst betrachten.<\/h3>\n<p>[\/et_pb_text][\/et_pb_column][et_pb_column type=&#8221;1_2&#8243; _builder_version=&#8221;4.16&#8243; global_colors_info=&#8221;{}&#8221;][et_pb_text _builder_version=&#8221;4.16&#8243; text_font=&#8221;||||||||&#8221; text_font_size=&#8221;16px&#8221; text_line_height=&#8221;1.8em&#8221; global_colors_info=&#8221;{}&#8221;]<\/p>\n<p><strong>Vorteile der bestickten Aufn\u00e4her Anfertigung<\/strong><\/p>\n<ul>\n<li>Einfache und schnellere Anfertigung, deshalb auch g\u00fcnstiger als unmittelbares Stickerei auf komplexe Produkte<\/li>\n<li>Anfertigung auf Lager, die Sie sp\u00e4ter verwenden k\u00f6nnen<\/li>\n<li>Die Aufn\u00e4her fallen aufgrund ihrer Dicke auf und erwecken mehr Aufmerksamkeit<\/li>\n<li>Erstellt aus haltbaren und sehr farbechten Materialien<\/li>\n<li>Aufn\u00e4her werden auf verschiedene Weisen befestigt. Man kann sie aufn\u00e4hen, aufb\u00fcgeln oder mithilfe eines Klettverschlusses anbringen.<\/li>\n<\/ul>\n<p>Aufn\u00e4her sind f\u00fcr verschiedene Berufs- und Amateurvereine geeignet. Gesch\u00e4fte benutzen sie f\u00fcr Arbeits- oder Promotion Produkte. Die Aufn\u00e4her sind perfekt f\u00fcr solche Berufe geeignet, wo man mithilfe von Symbolen auf der Kleidung die Zugeh\u00f6rigkeit des Tr\u00e4gers erkennt oder zuweist.<\/p>\n<p>Die bestickten Aufn\u00e4her k\u00f6nnen in verschiedenen Mengen hergestellt werden. <a href=\"https:\/\/invez-vezenje.si\/kontakt\/\">Senden Sie uns Ihr Logo oder Entwurf<\/a> nach Ihren W\u00fcnsch. Und wir senden Ihnen eine Vorschau des Aufn\u00e4hers und zutreffendes Angebot so schnell wie m\u00f6glich.<\/p>\n<p>[\/et_pb_text][\/et_pb_column][\/et_pb_row][et_pb_row column_structure=&#8221;1_2,1_2&#8243; _builder_version=&#8221;4.16&#8243; global_colors_info=&#8221;{}&#8221;][et_pb_column type=&#8221;1_2&#8243; _builder_version=&#8221;4.16&#8243; background_color=&#8221;#582559&#8243; transform_scale=&#8221;76%|76%&#8221; transform_scale_tablet=&#8221;&#8221; transform_scale_phone=&#8221;&#8221; transform_scale_last_edited=&#8221;on|desktop&#8221; transform_translate=&#8221;0px|-190px&#8221; transform_translate_tablet=&#8221;0px|0px&#8221; transform_translate_phone=&#8221;&#8221; transform_translate_last_edited=&#8221;on|phone&#8221; transform_translate_linked=&#8221;off&#8221; transform_rotate=&#8221;0deg|0deg|45deg&#8221; transform_rotate_tablet=&#8221;&#8221; transform_rotate_phone=&#8221;&#8221; transform_rotate_last_edited=&#8221;on|desktop&#8221; transform_skew_tablet=&#8221;&#8221; transform_skew_phone=&#8221;&#8221; transform_skew_last_edited=&#8221;on|desktop&#8221; transform_origin_tablet=&#8221;&#8221; transform_origin_phone=&#8221;&#8221; transform_origin_last_edited=&#8221;on|desktop&#8221; transform_styles_last_edited=&#8221;on|phone&#8221; overflow-x=&#8221;visible&#8221; overflow-y=&#8221;visible&#8221; transform_styles_tablet=&#8221;&#8221; transform_styles_phone=&#8221;&#8221; border_radii=&#8221;on|90px|90px|90px|90px&#8221; global_colors_info=&#8221;{}&#8221;][et_pb_image src=&#8221;https:\/\/invez-vezenje.si\/wp-content\/uploads\/2025\/04\/wein.webp&#8221; title_text=&#8221;wein&#8221; _builder_version=&#8221;4.27.4&#8243; transform_scale=&#8221;105%|105%&#8221; transform_scale_tablet=&#8221;&#8221; transform_scale_phone=&#8221;&#8221; transform_scale_last_edited=&#8221;on|desktop&#8221; transform_translate=&#8221;64px|-52px&#8221; transform_translate_tablet=&#8221;&#8221; transform_translate_phone=&#8221;&#8221; transform_translate_last_edited=&#8221;on|desktop&#8221; transform_translate_linked=&#8221;off&#8221; transform_rotate=&#8221;0deg|0deg|25deg&#8221; transform_rotate_tablet=&#8221;&#8221; transform_rotate_phone=&#8221;&#8221; transform_rotate_last_edited=&#8221;on|tablet&#8221; transform_skew_tablet=&#8221;&#8221; transform_skew_phone=&#8221;&#8221; transform_skew_last_edited=&#8221;on|desktop&#8221; transform_origin_tablet=&#8221;&#8221; transform_origin_phone=&#8221;&#8221; transform_origin_last_edited=&#8221;on|desktop&#8221; transform_styles_last_edited=&#8221;on|desktop&#8221; custom_margin=&#8221;||||false|false&#8221; animation_style=&#8221;zoom&#8221; animation_intensity_zoom=&#8221;5%&#8221; transform_styles_tablet=&#8221;&#8221; transform_styles_phone=&#8221;&#8221; border_radii=&#8221;on|110px|110px|110px|110px&#8221; box_shadow_style=&#8221;preset3&#8243; box_shadow_horizontal=&#8221;26px&#8221; box_shadow_vertical=&#8221;26px&#8221; box_shadow_blur=&#8221;68px&#8221; box_shadow_spread=&#8221;-16px&#8221; global_colors_info=&#8221;{}&#8221;][\/et_pb_image][\/et_pb_column][et_pb_column type=&#8221;1_2&#8243; _builder_version=&#8221;4.16&#8243; global_colors_info=&#8221;{}&#8221;][et_pb_image src=&#8221;https:\/\/invez-vezenje.si\/wp-content\/uploads\/2021\/02\/Burgstall.jpg&#8221; title_text=&#8221;Burgstall&#8221; _builder_version=&#8221;4.16&#8243; custom_margin=&#8221;80px||||false|false&#8221; custom_margin_tablet=&#8221;0px||||false|false&#8221; custom_margin_phone=&#8221;&#8221; custom_margin_last_edited=&#8221;on|tablet&#8221; animation_style=&#8221;roll&#8221; animation_intensity_roll=&#8221;5%&#8221; border_radii=&#8221;on|50vw|50vw|50vw|50vw&#8221; border_color_all=&#8221;#000000&#8243; global_colors_info=&#8221;{}&#8221;][\/et_pb_image][\/et_pb_column][\/et_pb_row][\/et_pb_section][et_pb_section fb_built=&#8221;1&#8243; admin_label=&#8221;About&#8221; _builder_version=&#8221;4.16&#8243; background_color=&#8221;#7E5E8C&#8221; use_background_color_gradient=&#8221;on&#8221; background_color_gradient_stops=&#8221;#563b59 0%|#563b59 100%&#8221; background_color_gradient_start=&#8221;#563b59&#8243; background_color_gradient_end=&#8221;#563b59&#8243; custom_padding=&#8221;||||false|false&#8221; global_colors_info=&#8221;{}&#8221;][\/et_pb_section]<\/p>\n","protected":false},"excerpt":{"rendered":"<p>Bestickte Aufn\u00e4her Auftrag Gefertigte bestickte Aufn\u00e4her bieten ein sch\u00f6nes Aussehen und ein Gef\u00fchl der Erkennbarkeit.Sie werden ihre Beliebtheit verstehen, sobald sie das Aussehen, dauerhafte Konstruktion und Textur der Aufn\u00e4her selbst betrachten.Vorteile der bestickten Aufn\u00e4her Anfertigung Einfache und schnellere Anfertigung, deshalb auch g\u00fcnstiger als unmittelbares Stickerei auf komplexe Produkte Anfertigung auf Lager, die Sie sp\u00e4ter verwenden [&hellip;]<\/p>\n","protected":false},"author":1,"featured_media":0,"parent":0,"menu_order":0,"comment_status":"closed","ping_status":"closed","template":"","meta":{"_et_pb_use_builder":"on","_et_pb_old_content":"","_et_gb_content_width":"","footnotes":""},"class_list":["post-253","page","type-page","status-publish","hentry"],"yoast_head":"<!-- This site is optimized with the Yoast SEO plugin v27.4 - https:\/\/yoast.com\/product\/yoast-seo-wordpress\/ -->\n<title>Bestickte Aufn\u00e4her Invez f\u00fcr alle Gelegenheiten - Vezenje Invez<\/title>\n<meta name=\"description\" content=\"Bestickte Aufn\u00e4her mit einzigartiger Textur, langlebiger Konstruktion und einem Look, der die Zeit \u00fcberdauert. Alle Formen, Gr\u00f6\u00dfen und Farben.\" \/>\n<meta name=\"robots\" content=\"index, follow, max-snippet:-1, max-image-preview:large, max-video-preview:-1\" \/>\n<link rel=\"canonical\" href=\"https:\/\/invez-vezenje.si\/de\/bestickte-aufnaher\/\" \/>\n<meta property=\"og:locale\" content=\"de_DE\" \/>\n<meta property=\"og:type\" content=\"article\" \/>\n<meta property=\"og:title\" content=\"Bestickte Aufn\u00e4her Invez f\u00fcr alle Gelegenheiten - Vezenje Invez\" \/>\n<meta property=\"og:description\" content=\"Bestickte Aufn\u00e4her mit einzigartiger Textur, langlebiger Konstruktion und einem Look, der die Zeit \u00fcberdauert. Alle Formen, Gr\u00f6\u00dfen und Farben.\" \/>\n<meta property=\"og:url\" content=\"https:\/\/invez-vezenje.si\/de\/bestickte-aufnaher\/\" \/>\n<meta property=\"og:site_name\" content=\"Vezenje Invez\" \/>\n<meta property=\"article:modified_time\" content=\"2025-04-16T17:24:51+00:00\" \/>\n<meta name=\"twitter:card\" content=\"summary_large_image\" \/>\n<meta name=\"twitter:label1\" content=\"Est. reading time\" \/>\n\t<meta name=\"twitter:data1\" content=\"2 minutes\" \/>\n<script type=\"application\/ld+json\" class=\"yoast-schema-graph\">{\"@context\":\"https:\\\/\\\/schema.org\",\"@graph\":[{\"@type\":\"WebPage\",\"@id\":\"https:\\\/\\\/invez-vezenje.si\\\/de\\\/bestickte-aufnaher\\\/\",\"url\":\"https:\\\/\\\/invez-vezenje.si\\\/de\\\/bestickte-aufnaher\\\/\",\"name\":\"Bestickte Aufn\u00e4her Invez f\u00fcr alle Gelegenheiten - Vezenje Invez\",\"isPartOf\":{\"@id\":\"https:\\\/\\\/invez-vezenje.si\\\/#website\"},\"datePublished\":\"2021-12-29T14:20:18+00:00\",\"dateModified\":\"2025-04-16T17:24:51+00:00\",\"description\":\"Bestickte Aufn\u00e4her mit einzigartiger Textur, langlebiger Konstruktion und einem Look, der die Zeit \u00fcberdauert. Alle Formen, Gr\u00f6\u00dfen und Farben.\",\"breadcrumb\":{\"@id\":\"https:\\\/\\\/invez-vezenje.si\\\/de\\\/bestickte-aufnaher\\\/#breadcrumb\"},\"inLanguage\":\"de-DE\",\"potentialAction\":[{\"@type\":\"ReadAction\",\"target\":[\"https:\\\/\\\/invez-vezenje.si\\\/de\\\/bestickte-aufnaher\\\/\"]}]},{\"@type\":\"BreadcrumbList\",\"@id\":\"https:\\\/\\\/invez-vezenje.si\\\/de\\\/bestickte-aufnaher\\\/#breadcrumb\",\"itemListElement\":[{\"@type\":\"ListItem\",\"position\":1,\"name\":\"Home\",\"item\":\"https:\\\/\\\/invez-vezenje.si\\\/de\\\/?page_id=246\"},{\"@type\":\"ListItem\",\"position\":2,\"name\":\"Bestickte Aufn\u00e4her\"}]},{\"@type\":\"WebSite\",\"@id\":\"https:\\\/\\\/invez-vezenje.si\\\/#website\",\"url\":\"https:\\\/\\\/invez-vezenje.si\\\/\",\"name\":\"Vezenje Invez\",\"description\":\"Vezenje na promocijska in delovna obla\u010dila\",\"potentialAction\":[{\"@type\":\"SearchAction\",\"target\":{\"@type\":\"EntryPoint\",\"urlTemplate\":\"https:\\\/\\\/invez-vezenje.si\\\/?s={search_term_string}\"},\"query-input\":{\"@type\":\"PropertyValueSpecification\",\"valueRequired\":true,\"valueName\":\"search_term_string\"}}],\"inLanguage\":\"de-DE\"}]}<\/script>\n<!-- \/ Yoast SEO plugin. -->","yoast_head_json":{"title":"Bestickte Aufn\u00e4her Invez f\u00fcr alle Gelegenheiten - Vezenje Invez","description":"Bestickte Aufn\u00e4her mit einzigartiger Textur, langlebiger Konstruktion und einem Look, der die Zeit \u00fcberdauert. Alle Formen, Gr\u00f6\u00dfen und Farben.","robots":{"index":"index","follow":"follow","max-snippet":"max-snippet:-1","max-image-preview":"max-image-preview:large","max-video-preview":"max-video-preview:-1"},"canonical":"https:\/\/invez-vezenje.si\/de\/bestickte-aufnaher\/","og_locale":"de_DE","og_type":"article","og_title":"Bestickte Aufn\u00e4her Invez f\u00fcr alle Gelegenheiten - Vezenje Invez","og_description":"Bestickte Aufn\u00e4her mit einzigartiger Textur, langlebiger Konstruktion und einem Look, der die Zeit \u00fcberdauert. Alle Formen, Gr\u00f6\u00dfen und Farben.","og_url":"https:\/\/invez-vezenje.si\/de\/bestickte-aufnaher\/","og_site_name":"Vezenje Invez","article_modified_time":"2025-04-16T17:24:51+00:00","twitter_card":"summary_large_image","twitter_misc":{"Est. reading time":"2 minutes"},"schema":{"@context":"https:\/\/schema.org","@graph":[{"@type":"WebPage","@id":"https:\/\/invez-vezenje.si\/de\/bestickte-aufnaher\/","url":"https:\/\/invez-vezenje.si\/de\/bestickte-aufnaher\/","name":"Bestickte Aufn\u00e4her Invez f\u00fcr alle Gelegenheiten - Vezenje Invez","isPartOf":{"@id":"https:\/\/invez-vezenje.si\/#website"},"datePublished":"2021-12-29T14:20:18+00:00","dateModified":"2025-04-16T17:24:51+00:00","description":"Bestickte Aufn\u00e4her mit einzigartiger Textur, langlebiger Konstruktion und einem Look, der die Zeit \u00fcberdauert. Alle Formen, Gr\u00f6\u00dfen und Farben.","breadcrumb":{"@id":"https:\/\/invez-vezenje.si\/de\/bestickte-aufnaher\/#breadcrumb"},"inLanguage":"de-DE","potentialAction":[{"@type":"ReadAction","target":["https:\/\/invez-vezenje.si\/de\/bestickte-aufnaher\/"]}]},{"@type":"BreadcrumbList","@id":"https:\/\/invez-vezenje.si\/de\/bestickte-aufnaher\/#breadcrumb","itemListElement":[{"@type":"ListItem","position":1,"name":"Home","item":"https:\/\/invez-vezenje.si\/de\/?page_id=246"},{"@type":"ListItem","position":2,"name":"Bestickte Aufn\u00e4her"}]},{"@type":"WebSite","@id":"https:\/\/invez-vezenje.si\/#website","url":"https:\/\/invez-vezenje.si\/","name":"Vezenje Invez","description":"Vezenje na promocijska in delovna obla\u010dila","potentialAction":[{"@type":"SearchAction","target":{"@type":"EntryPoint","urlTemplate":"https:\/\/invez-vezenje.si\/?s={search_term_string}"},"query-input":{"@type":"PropertyValueSpecification","valueRequired":true,"valueName":"search_term_string"}}],"inLanguage":"de-DE"}]}},"_links":{"self":[{"href":"https:\/\/invez-vezenje.si\/de\/wp-json\/wp\/v2\/pages\/253","targetHints":{"allow":["GET"]}}],"collection":[{"href":"https:\/\/invez-vezenje.si\/de\/wp-json\/wp\/v2\/pages"}],"about":[{"href":"https:\/\/invez-vezenje.si\/de\/wp-json\/wp\/v2\/types\/page"}],"author":[{"embeddable":true,"href":"https:\/\/invez-vezenje.si\/de\/wp-json\/wp\/v2\/users\/1"}],"replies":[{"embeddable":true,"href":"https:\/\/invez-vezenje.si\/de\/wp-json\/wp\/v2\/comments?post=253"}],"version-history":[{"count":4,"href":"https:\/\/invez-vezenje.si\/de\/wp-json\/wp\/v2\/pages\/253\/revisions"}],"predecessor-version":[{"id":289,"href":"https:\/\/invez-vezenje.si\/de\/wp-json\/wp\/v2\/pages\/253\/revisions\/289"}],"wp:attachment":[{"href":"https:\/\/invez-vezenje.si\/de\/wp-json\/wp\/v2\/media?parent=253"}],"curies":[{"name":"wp","href":"https:\/\/api.w.org\/{rel}","templated":true}]}}