{"id":250,"date":"2021-12-29T10:06:17","date_gmt":"2021-12-29T10:06:17","guid":{"rendered":"https:\/\/invez-vezenje.si\/stickerei-auf-kleidung\/"},"modified":"2021-12-29T18:40:07","modified_gmt":"2021-12-29T18:40:07","slug":"stickerei-auf-kleidung","status":"publish","type":"page","link":"https:\/\/invez-vezenje.si\/de\/stickerei-auf-kleidung\/","title":{"rendered":"Stickerei auf Kleidung"},"content":{"rendered":"<p>[et_pb_section fb_built=&#8221;1&#8243; custom_padding_last_edited=&#8221;on|phone&#8221; admin_label=&#8221;Header&#8221; _builder_version=&#8221;4.9.1&#8243; background_color=&#8221;#E2E5EC&#8221; background_image=&#8221;https:\/\/invez-vezenje.si\/wp-content\/uploads\/2021\/03\/dog-walker-39.png&#8221; background_size=&#8221;contain&#8221; background_position=&#8221;bottom_center&#8221; overflow-x=&#8221;hidden&#8221; overflow-y=&#8221;hidden&#8221; custom_padding=&#8221;||5vw||false|false&#8221; custom_padding_tablet=&#8221;&#8221; custom_padding_phone=&#8221;||80px||false|false&#8221; global_colors_info=&#8221;{}&#8221;][et_pb_row column_structure=&#8221;1_2,1_2&#8243; _builder_version=&#8221;4.9.1&#8243; global_colors_info=&#8221;{}&#8221;][et_pb_column type=&#8221;1_2&#8243; _builder_version=&#8221;3.26&#8243; global_colors_info=&#8221;{}&#8221;][et_pb_text _builder_version=&#8221;4.14.4&#8243; text_font=&#8221;||||||||&#8221; text_font_size=&#8221;24px&#8221; text_line_height=&#8221;1.8em&#8221; header_font=&#8221;|700|||||||&#8221; header_text_color=&#8221;#563B59&#8243; header_font_size=&#8221;100px&#8221; header_line_height=&#8221;1.2em&#8221; hover_enabled=&#8221;0&#8243; text_font_size_tablet=&#8221;&#8221; text_font_size_phone=&#8221;22px&#8221; text_font_size_last_edited=&#8221;on|desktop&#8221; header_font_size_tablet=&#8221;80px&#8221; header_font_size_phone=&#8221;60px&#8221; header_font_size_last_edited=&#8221;on|phone&#8221; global_colors_info=&#8221;{}&#8221; sticky_enabled=&#8221;0&#8243;]<\/p>\n<h1>Stickerei auf Kleidung<\/h1>\n<p>Arbeits- und Werbekleidung mit einem bestickten Motiv von Ihrem Gesch\u00e4ft oder Handelsmarke erweist sich immer als n\u00fctzlich und holt die investierte Mittel sehr schnell herein.<\/p>\n<p>[\/et_pb_text][\/et_pb_column][et_pb_column type=&#8221;1_2&#8243; _builder_version=&#8221;3.26&#8243; global_colors_info=&#8221;{}&#8221;][et_pb_image src=&#8221;https:\/\/invez-vezenje.si\/wp-content\/uploads\/2021\/02\/IKDBrust.jpg&#8221; title_text=&#8221;IKDBrust&#8221; align=&#8221;right&#8221; align_tablet=&#8221;&#8221; align_phone=&#8221;left&#8221; align_last_edited=&#8221;on|desktop&#8221; _builder_version=&#8221;4.9.1&#8243; transform_scale_tablet=&#8221;&#8221; transform_scale_phone=&#8221;100%|100%&#8221; transform_scale_last_edited=&#8221;on|phone&#8221; transform_translate=&#8221;0px|53px&#8221; transform_translate_tablet=&#8221;&#8221; transform_translate_phone=&#8221;&#8221; transform_translate_last_edited=&#8221;on|desktop&#8221; transform_translate_linked_tablet=&#8221;off&#8221; transform_rotate=&#8221;0deg|0deg|-15deg&#8221; transform_rotate_tablet=&#8221;&#8221; transform_rotate_phone=&#8221;0deg|0deg|0deg&#8221; transform_rotate_last_edited=&#8221;on|desktop&#8221; transform_skew_tablet=&#8221;&#8221; transform_skew_phone=&#8221;&#8221; transform_skew_last_edited=&#8221;on|desktop&#8221; transform_origin=&#8221;-30%|35%&#8221; transform_origin_tablet=&#8221;&#8221; transform_origin_phone=&#8221;&#8221; transform_origin_last_edited=&#8221;on|desktop&#8221; transform_styles_last_edited=&#8221;on|phone&#8221; max_width_tablet=&#8221;70%&#8221; max_width_phone=&#8221;100%&#8221; max_width_last_edited=&#8221;on|phone&#8221; custom_margin=&#8221;-6vw|-10vw|||false|false&#8221; custom_margin_tablet=&#8221;||||false|false&#8221; custom_margin_phone=&#8221;&#8221; custom_margin_last_edited=&#8221;on|desktop&#8221; animation_style=&#8221;slide&#8221; animation_direction=&#8221;right&#8221; animation_intensity_slide=&#8221;5%&#8221; transform_styles_tablet=&#8221;&#8221; transform_styles_phone=&#8221;&#8221; border_radii=&#8221;on|12vw|12vw|12vw|12vw&#8221; border_width_all=&#8221;6vw&#8221; border_color_all=&#8221;#E2E5EC&#8221; box_shadow_style=&#8221;preset3&#8243; box_shadow_blur=&#8221;10vw&#8221; global_colors_info=&#8221;{}&#8221;][\/et_pb_image][\/et_pb_column][\/et_pb_row][\/et_pb_section][et_pb_section fb_built=&#8221;1&#8243; admin_label=&#8221;About&#8221; _builder_version=&#8221;4.9.1&#8243; background_color=&#8221;#E2E5EC&#8221; custom_padding=&#8221;||||false|false&#8221; bottom_divider_style=&#8221;waves&#8221; bottom_divider_color=&#8221;#563B59&#8243; bottom_divider_height=&#8221;7vw&#8221; global_colors_info=&#8221;{}&#8221;][et_pb_row column_structure=&#8221;1_2,1_2&#8243; make_equal=&#8221;on&#8221; _builder_version=&#8221;3.26.1&#8243; background_enable_image=&#8221;off&#8221; global_colors_info=&#8221;{}&#8221;][et_pb_column type=&#8221;1_2&#8243; _builder_version=&#8221;3.26&#8243; background_enable_image=&#8221;off&#8221; background_size=&#8221;contain&#8221; background_position=&#8221;bottom_center&#8221; global_colors_info=&#8221;{}&#8221;][et_pb_text _builder_version=&#8221;4.9.1&#8243; header_2_font=&#8221;Amatic SC|700|||||||&#8221; header_2_font_size=&#8221;80px&#8221; header_2_line_height=&#8221;1.2em&#8221; background_color=&#8221;#FFFFFF&#8221; custom_margin=&#8221;||||false|false&#8221; custom_padding=&#8221;30px|30px|30px|30px|false|false&#8221; header_2_font_size_tablet=&#8221;60px&#8221; header_2_font_size_phone=&#8221;32px&#8221; header_2_font_size_last_edited=&#8221;on|phone&#8221; border_radii=&#8221;on|20px|20px|20px|20px&#8221; border_width_all=&#8221;3px&#8221; border_color_all=&#8221;#582559&#8243; box_shadow_style=&#8221;preset4&#8243; box_shadow_horizontal=&#8221;-21px&#8221; box_shadow_vertical=&#8221;23px&#8221; box_shadow_color=&#8221;#7E5E8C&#8221; global_colors_info=&#8221;{}&#8221;]<\/p>\n<p><strong>Die Preise<\/strong> der Stickerei werden von verschiedenen Faktoren beeinflusst:<\/p>\n<ul>\n<li>Quantit\u00e4t \u2013 mehr Produkte, niedrigerer Preis<\/li>\n<li>die Gr\u00f6\u00dfe des bestickten Logos \u2013 je gr\u00f6ber, desto l\u00e4nger die Anfertigungszeit<\/li>\n<li>die Nummer der Stiche \u2013die Anfertigungszeit h\u00e4ngt von der Nummer der Stiche ab<\/li>\n<li>das verwendete Material (T\u00fccher, T-Shirts, M\u00fctzen, Vliese, usw.)<\/li>\n<li>die Komplexit\u00e4t des Logos \u2013 kleinere Aufschriften und Details<\/li>\n<li>Anfertigungsfrist<\/li>\n<\/ul>\n<p>[\/et_pb_text][\/et_pb_column][et_pb_column type=&#8221;1_2&#8243; _builder_version=&#8221;3.26&#8243; global_colors_info=&#8221;{}&#8221;][et_pb_text _builder_version=&#8221;4.9.1&#8243; text_font=&#8221;||||||||&#8221; text_font_size=&#8221;16px&#8221; text_line_height=&#8221;1.8em&#8221; global_colors_info=&#8221;{}&#8221;]<\/p>\n<h3><strong>Wichtigste Vorteile von Kleidungsstickerei<\/strong><\/h3>\n<p><strong><br \/>Professionalit\u00e4t<br \/><\/strong>Erwecken sie einen gro\u00dfartigen ersten Eindruck mit einem Logo auf Ihrer Uniform oder Arbeitskleidung. T-Shirts, Jacken, M\u00fctzen und andere Kleidung mit einem bestickten Logo erzeugen ein einheitliches Erscheinungsbild und ein Gef\u00fchl von einem gut organisierten Gesch\u00e4ft.<\/p>\n<p><strong>Markenbekanntheit<\/strong><br \/>Erreichung von dem breiten Publikum hilft bei Bekanntheit Ihres Gesch\u00e4fts und Ihrer Handelsmarke. Die Verwendung von bestickten Logos ist eine hervorragende Idee f\u00fcr Ihre Gesch\u00e4fts- oder Produktwerbung.<\/p>\n<p><strong>Nachhaltigkeit<\/strong><br \/>Wenn Sie die Vorteile ausnutzen und sich von der Konkurrenz unterscheiden wollen, erfahren Sie mehr \u00fcber unseren Stickerei Angebot noch heute.<\/p>\n<p>Rufen Sie uns an auf die Nummer 00386 41 760 499 oder schreiben Sie uns via des <a href=\"kontakt\">Online-Formulars<\/a>.<\/p>\n<p>[\/et_pb_text][\/et_pb_column][\/et_pb_row][et_pb_row column_structure=&#8221;1_2,1_2&#8243; _builder_version=&#8221;4.9.1&#8243; global_colors_info=&#8221;{}&#8221;][et_pb_column type=&#8221;1_2&#8243; _builder_version=&#8221;4.9.1&#8243; background_color=&#8221;#7E5E8C&#8221; transform_scale=&#8221;76%|76%&#8221; transform_scale_tablet=&#8221;&#8221; transform_scale_phone=&#8221;&#8221; transform_scale_last_edited=&#8221;on|desktop&#8221; transform_translate=&#8221;0px|-190px&#8221; transform_translate_tablet=&#8221;0px|0px&#8221; transform_translate_phone=&#8221;&#8221; transform_translate_last_edited=&#8221;on|phone&#8221; transform_translate_linked=&#8221;off&#8221; transform_rotate=&#8221;0deg|0deg|45deg&#8221; transform_rotate_tablet=&#8221;&#8221; transform_rotate_phone=&#8221;&#8221; transform_rotate_last_edited=&#8221;on|desktop&#8221; transform_skew_tablet=&#8221;&#8221; transform_skew_phone=&#8221;&#8221; transform_skew_last_edited=&#8221;on|desktop&#8221; transform_origin_tablet=&#8221;&#8221; transform_origin_phone=&#8221;&#8221; transform_origin_last_edited=&#8221;on|desktop&#8221; transform_styles_last_edited=&#8221;on|phone&#8221; overflow-x=&#8221;visible&#8221; overflow-y=&#8221;visible&#8221; transform_styles_tablet=&#8221;&#8221; transform_styles_phone=&#8221;&#8221; border_radii=&#8221;on|90px|90px|90px|90px&#8221; global_colors_info=&#8221;{}&#8221;][et_pb_image src=&#8221;https:\/\/invez-vezenje.si\/wp-content\/uploads\/2021\/02\/Traktor.jpg&#8221; title_text=&#8221;Traktor&#8221; _builder_version=&#8221;4.9.1&#8243; transform_scale=&#8221;105%|105%&#8221; transform_scale_tablet=&#8221;&#8221; transform_scale_phone=&#8221;&#8221; transform_scale_last_edited=&#8221;on|desktop&#8221; transform_translate=&#8221;64px|-52px&#8221; transform_translate_tablet=&#8221;&#8221; transform_translate_phone=&#8221;&#8221; transform_translate_last_edited=&#8221;on|desktop&#8221; transform_translate_linked=&#8221;off&#8221; transform_rotate=&#8221;0deg|0deg|25deg&#8221; transform_rotate_tablet=&#8221;&#8221; transform_rotate_phone=&#8221;&#8221; transform_rotate_last_edited=&#8221;on|tablet&#8221; transform_skew_tablet=&#8221;&#8221; transform_skew_phone=&#8221;&#8221; transform_skew_last_edited=&#8221;on|desktop&#8221; transform_origin_tablet=&#8221;&#8221; transform_origin_phone=&#8221;&#8221; transform_origin_last_edited=&#8221;on|desktop&#8221; transform_styles_last_edited=&#8221;on|desktop&#8221; custom_margin=&#8221;||||false|false&#8221; animation_style=&#8221;zoom&#8221; animation_intensity_zoom=&#8221;5%&#8221; transform_styles_tablet=&#8221;&#8221; transform_styles_phone=&#8221;&#8221; border_radii=&#8221;on|110px|110px|110px|110px&#8221; box_shadow_style=&#8221;preset3&#8243; box_shadow_horizontal=&#8221;26px&#8221; box_shadow_vertical=&#8221;26px&#8221; box_shadow_blur=&#8221;68px&#8221; box_shadow_spread=&#8221;-16px&#8221; global_colors_info=&#8221;{}&#8221;][\/et_pb_image][\/et_pb_column][et_pb_column type=&#8221;1_2&#8243; _builder_version=&#8221;3.26&#8243; global_colors_info=&#8221;{}&#8221;][et_pb_image src=&#8221;https:\/\/invez-vezenje.si\/wp-content\/uploads\/2021\/03\/TheaterrundeSt.Stefan.jpg&#8221; title_text=&#8221;TheaterrundeSt.Stefan&#8221; _builder_version=&#8221;4.9.1&#8243; custom_margin=&#8221;80px||||false|false&#8221; custom_margin_tablet=&#8221;0px||||false|false&#8221; custom_margin_phone=&#8221;&#8221; custom_margin_last_edited=&#8221;on|tablet&#8221; animation_style=&#8221;roll&#8221; animation_intensity_roll=&#8221;5%&#8221; border_radii=&#8221;on|50vw|50vw|50vw|50vw&#8221; border_color_all=&#8221;#000000&#8243; global_colors_info=&#8221;{}&#8221;][\/et_pb_image][\/et_pb_column][\/et_pb_row][\/et_pb_section][et_pb_section fb_built=&#8221;1&#8243; admin_label=&#8221;About&#8221; _builder_version=&#8221;4.9.1&#8243; background_color=&#8221;#7E5E8C&#8221; use_background_color_gradient=&#8221;on&#8221; background_color_gradient_start=&#8221;#563b59&#8243; background_color_gradient_end=&#8221;#563b59&#8243; custom_padding=&#8221;||||false|false&#8221; global_colors_info=&#8221;{}&#8221;][\/et_pb_section]<\/p>\n","protected":false},"excerpt":{"rendered":"<p>Stickerei auf Kleidung Arbeits- und Werbekleidung mit einem bestickten Motiv von Ihrem Gesch\u00e4ft oder Handelsmarke erweist sich immer als n\u00fctzlich und holt die investierte Mittel sehr schnell herein.Die Preise der Stickerei werden von verschiedenen Faktoren beeinflusst: Quantit\u00e4t \u2013 mehr Produkte, niedrigerer Preis die Gr\u00f6\u00dfe des bestickten Logos \u2013 je gr\u00f6ber, desto l\u00e4nger die Anfertigungszeit die [&hellip;]<\/p>\n","protected":false},"author":1,"featured_media":0,"parent":0,"menu_order":0,"comment_status":"closed","ping_status":"closed","template":"","meta":{"_et_pb_use_builder":"on","_et_pb_old_content":"","_et_gb_content_width":"","footnotes":""},"class_list":["post-250","page","type-page","status-publish","hentry"],"yoast_head":"<!-- This site is optimized with the Yoast SEO plugin v27.4 - https:\/\/yoast.com\/product\/yoast-seo-wordpress\/ -->\n<title>Stickerei auf Arbeits- und Werbekleidung - Vezenje Invez<\/title>\n<meta name=\"description\" content=\"Stickerei auf Arbeits- und Werbekleidung Betonen Sie die Zugeh\u00f6rigkeit und erh\u00f6hen Sie die Sichtbarkeit mit einem gestickten Firmen- oder Markenlogo.\" \/>\n<meta name=\"robots\" content=\"index, follow, max-snippet:-1, max-image-preview:large, max-video-preview:-1\" \/>\n<link rel=\"canonical\" href=\"https:\/\/invez-vezenje.si\/de\/stickerei-auf-kleidung\/\" \/>\n<meta property=\"og:locale\" content=\"de_DE\" \/>\n<meta property=\"og:type\" content=\"article\" \/>\n<meta property=\"og:title\" content=\"Stickerei auf Arbeits- und Werbekleidung - Vezenje Invez\" \/>\n<meta property=\"og:description\" content=\"Stickerei auf Arbeits- und Werbekleidung Betonen Sie die Zugeh\u00f6rigkeit und erh\u00f6hen Sie die Sichtbarkeit mit einem gestickten Firmen- oder Markenlogo.\" \/>\n<meta property=\"og:url\" content=\"https:\/\/invez-vezenje.si\/de\/stickerei-auf-kleidung\/\" \/>\n<meta property=\"og:site_name\" content=\"Vezenje Invez\" \/>\n<meta property=\"article:modified_time\" content=\"2021-12-29T18:40:07+00:00\" \/>\n<meta name=\"twitter:card\" content=\"summary_large_image\" \/>\n<meta name=\"twitter:label1\" content=\"Est. reading time\" \/>\n\t<meta name=\"twitter:data1\" content=\"6 minutes\" \/>\n<script type=\"application\/ld+json\" class=\"yoast-schema-graph\">{\"@context\":\"https:\\\/\\\/schema.org\",\"@graph\":[{\"@type\":\"WebPage\",\"@id\":\"https:\\\/\\\/invez-vezenje.si\\\/de\\\/stickerei-auf-kleidung\\\/\",\"url\":\"https:\\\/\\\/invez-vezenje.si\\\/de\\\/stickerei-auf-kleidung\\\/\",\"name\":\"Stickerei auf Arbeits- und Werbekleidung - Vezenje Invez\",\"isPartOf\":{\"@id\":\"https:\\\/\\\/invez-vezenje.si\\\/#website\"},\"datePublished\":\"2021-12-29T10:06:17+00:00\",\"dateModified\":\"2021-12-29T18:40:07+00:00\",\"description\":\"Stickerei auf Arbeits- und Werbekleidung Betonen Sie die Zugeh\u00f6rigkeit und erh\u00f6hen Sie die Sichtbarkeit mit einem gestickten Firmen- oder Markenlogo.\",\"breadcrumb\":{\"@id\":\"https:\\\/\\\/invez-vezenje.si\\\/de\\\/stickerei-auf-kleidung\\\/#breadcrumb\"},\"inLanguage\":\"de-DE\",\"potentialAction\":[{\"@type\":\"ReadAction\",\"target\":[\"https:\\\/\\\/invez-vezenje.si\\\/de\\\/stickerei-auf-kleidung\\\/\"]}]},{\"@type\":\"BreadcrumbList\",\"@id\":\"https:\\\/\\\/invez-vezenje.si\\\/de\\\/stickerei-auf-kleidung\\\/#breadcrumb\",\"itemListElement\":[{\"@type\":\"ListItem\",\"position\":1,\"name\":\"Home\",\"item\":\"https:\\\/\\\/invez-vezenje.si\\\/de\\\/?page_id=246\"},{\"@type\":\"ListItem\",\"position\":2,\"name\":\"Stickerei auf Kleidung\"}]},{\"@type\":\"WebSite\",\"@id\":\"https:\\\/\\\/invez-vezenje.si\\\/#website\",\"url\":\"https:\\\/\\\/invez-vezenje.si\\\/\",\"name\":\"Vezenje Invez\",\"description\":\"Vezenje na promocijska in delovna obla\u010dila\",\"potentialAction\":[{\"@type\":\"SearchAction\",\"target\":{\"@type\":\"EntryPoint\",\"urlTemplate\":\"https:\\\/\\\/invez-vezenje.si\\\/?s={search_term_string}\"},\"query-input\":{\"@type\":\"PropertyValueSpecification\",\"valueRequired\":true,\"valueName\":\"search_term_string\"}}],\"inLanguage\":\"de-DE\"}]}<\/script>\n<!-- \/ Yoast SEO plugin. -->","yoast_head_json":{"title":"Stickerei auf Arbeits- und Werbekleidung - Vezenje Invez","description":"Stickerei auf Arbeits- und Werbekleidung Betonen Sie die Zugeh\u00f6rigkeit und erh\u00f6hen Sie die Sichtbarkeit mit einem gestickten Firmen- oder Markenlogo.","robots":{"index":"index","follow":"follow","max-snippet":"max-snippet:-1","max-image-preview":"max-image-preview:large","max-video-preview":"max-video-preview:-1"},"canonical":"https:\/\/invez-vezenje.si\/de\/stickerei-auf-kleidung\/","og_locale":"de_DE","og_type":"article","og_title":"Stickerei auf Arbeits- und Werbekleidung - Vezenje Invez","og_description":"Stickerei auf Arbeits- und Werbekleidung Betonen Sie die Zugeh\u00f6rigkeit und erh\u00f6hen Sie die Sichtbarkeit mit einem gestickten Firmen- oder Markenlogo.","og_url":"https:\/\/invez-vezenje.si\/de\/stickerei-auf-kleidung\/","og_site_name":"Vezenje Invez","article_modified_time":"2021-12-29T18:40:07+00:00","twitter_card":"summary_large_image","twitter_misc":{"Est. reading time":"6 minutes"},"schema":{"@context":"https:\/\/schema.org","@graph":[{"@type":"WebPage","@id":"https:\/\/invez-vezenje.si\/de\/stickerei-auf-kleidung\/","url":"https:\/\/invez-vezenje.si\/de\/stickerei-auf-kleidung\/","name":"Stickerei auf Arbeits- und Werbekleidung - Vezenje Invez","isPartOf":{"@id":"https:\/\/invez-vezenje.si\/#website"},"datePublished":"2021-12-29T10:06:17+00:00","dateModified":"2021-12-29T18:40:07+00:00","description":"Stickerei auf Arbeits- und Werbekleidung Betonen Sie die Zugeh\u00f6rigkeit und erh\u00f6hen Sie die Sichtbarkeit mit einem gestickten Firmen- oder Markenlogo.","breadcrumb":{"@id":"https:\/\/invez-vezenje.si\/de\/stickerei-auf-kleidung\/#breadcrumb"},"inLanguage":"de-DE","potentialAction":[{"@type":"ReadAction","target":["https:\/\/invez-vezenje.si\/de\/stickerei-auf-kleidung\/"]}]},{"@type":"BreadcrumbList","@id":"https:\/\/invez-vezenje.si\/de\/stickerei-auf-kleidung\/#breadcrumb","itemListElement":[{"@type":"ListItem","position":1,"name":"Home","item":"https:\/\/invez-vezenje.si\/de\/?page_id=246"},{"@type":"ListItem","position":2,"name":"Stickerei auf Kleidung"}]},{"@type":"WebSite","@id":"https:\/\/invez-vezenje.si\/#website","url":"https:\/\/invez-vezenje.si\/","name":"Vezenje Invez","description":"Vezenje na promocijska in delovna obla\u010dila","potentialAction":[{"@type":"SearchAction","target":{"@type":"EntryPoint","urlTemplate":"https:\/\/invez-vezenje.si\/?s={search_term_string}"},"query-input":{"@type":"PropertyValueSpecification","valueRequired":true,"valueName":"search_term_string"}}],"inLanguage":"de-DE"}]}},"_links":{"self":[{"href":"https:\/\/invez-vezenje.si\/de\/wp-json\/wp\/v2\/pages\/250","targetHints":{"allow":["GET"]}}],"collection":[{"href":"https:\/\/invez-vezenje.si\/de\/wp-json\/wp\/v2\/pages"}],"about":[{"href":"https:\/\/invez-vezenje.si\/de\/wp-json\/wp\/v2\/types\/page"}],"author":[{"embeddable":true,"href":"https:\/\/invez-vezenje.si\/de\/wp-json\/wp\/v2\/users\/1"}],"replies":[{"embeddable":true,"href":"https:\/\/invez-vezenje.si\/de\/wp-json\/wp\/v2\/comments?post=250"}],"version-history":[{"count":3,"href":"https:\/\/invez-vezenje.si\/de\/wp-json\/wp\/v2\/pages\/250\/revisions"}],"predecessor-version":[{"id":261,"href":"https:\/\/invez-vezenje.si\/de\/wp-json\/wp\/v2\/pages\/250\/revisions\/261"}],"wp:attachment":[{"href":"https:\/\/invez-vezenje.si\/de\/wp-json\/wp\/v2\/media?parent=250"}],"curies":[{"name":"wp","href":"https:\/\/api.w.org\/{rel}","templated":true}]}}